{"id":48,"date":"2024-10-27T10:26:56","date_gmt":"2024-10-27T09:26:56","guid":{"rendered":"https:\/\/www.akfalken.dk\/?page_id=48"},"modified":"2024-11-13T09:07:35","modified_gmt":"2024-11-13T08:07:35","slug":"bestyrelsen","status":"publish","type":"page","link":"https:\/\/www.akfalken.dk\/?page_id=48","title":{"rendered":"Bestyrelsen"},"content":{"rendered":"<p>Bestyrelsen hos AK Falken er sammensat dels af boksere\u00a0 &amp;\u00a0 tr\u00e6nere samt personer som har en s\u00e6rlig kompetence<\/p>\n<table style=\"height: 274px;\" width=\"402\">\n<tbody>\n<tr>\n<td style=\"text-align: left;\" width=\"369\">Henrik J\u00f8rn Poulsen &#8211; Formand<br \/>\nformand@akfalken.dk<\/td>\n<\/tr>\n<tr>\n<td width=\"369\">Ronni Tyrrell &#8211; N\u00e6stformand<br \/>\nnaestformand@akfalken.dk<\/td>\n<\/tr>\n<tr>\n<td width=\"369\">Gitte Zophie Guldager-M\u00f8rck &#8211; Kasserer<br \/>\nkasserer@akfalken.dk<\/td>\n<\/tr>\n<tr>\n<td width=\"369\">Lone S\u00f8gaard Gr\u00f8nning Tyrrell &#8211; Bestyrelsesmedlem<br \/>\nmedlem1@akfalken.dk<\/td>\n<\/tr>\n<tr>\n<td width=\"369\">Cem Tas &#8211; Bestyrelsesmedlem<br \/>\nmedlem2@akfalken.dk<\/td>\n<\/tr>\n<tr>\n<td width=\"369\">Silas Villumsen &#8211; Bestyrelsesmedlem<br \/>\nmedlem3@akfalken.dk<\/td>\n<\/tr>\n<tr>\n<td width=\"369\">Michael Lemvig Larsen &#8211; Bestyrelsesmedlem<br \/>\nmedlem4@akfalken.dk<\/td>\n<\/tr>\n<tr>\n<td width=\"369\">Michal M\u00f8rkenborg &#8211; Suppleant<br \/>\nsupp1@akfalken.dk<\/td>\n<\/tr>\n<tr>\n<td width=\"369\">Erman Ciftci &#8211; Suppleant<br \/>\nsupp2@akfalken.dk<\/td>\n<\/tr>\n<\/tbody>\n<\/table>\n<p>&nbsp;<\/p>\n<p>&nbsp;<\/p>\n","protected":false},"excerpt":{"rendered":"<p>Bestyrelsen hos AK Falken er sammensat dels af boksere\u00a0 &amp;\u00a0 tr\u00e6nere samt personer som har en s\u00e6rlig kompetence Henrik J\u00f8rn Poulsen &#8211; Formand formand@akfalken.dk Ronni Tyrrell &#8211; N\u00e6stformand naestformand@akfalken.dk Gitte Zophie Guldager-M\u00f8rck &#8211; Kasserer kasserer@akfalken.dk Lone S\u00f8gaard Gr\u00f8nning Tyrrell &#8211; Bestyrelsesmedlem medlem1@akfalken.dk Cem Tas &#8211; Bestyrelsesmedlem medlem2@akfalken.dk Silas Villumsen &#8211; Bestyrelsesmedlem medlem3@akfalken.dk Michael Lemvig Larsen&#8230;<\/p>\n","protected":false},"author":2,"featured_media":0,"parent":0,"menu_order":0,"comment_status":"closed","ping_status":"closed","template":"","meta":{"footnotes":""},"class_list":["post-48","page","type-page","status-publish","hentry"],"_links":{"self":[{"href":"https:\/\/www.akfalken.dk\/index.php?rest_route=\/wp\/v2\/pages\/48","targetHints":{"allow":["GET"]}}],"collection":[{"href":"https:\/\/www.akfalken.dk\/index.php?rest_route=\/wp\/v2\/pages"}],"about":[{"href":"https:\/\/www.akfalken.dk\/index.php?rest_route=\/wp\/v2\/types\/page"}],"author":[{"embeddable":true,"href":"https:\/\/www.akfalken.dk\/index.php?rest_route=\/wp\/v2\/users\/2"}],"replies":[{"embeddable":true,"href":"https:\/\/www.akfalken.dk\/index.php?rest_route=%2Fwp%2Fv2%2Fcomments&post=48"}],"version-history":[{"count":13,"href":"https:\/\/www.akfalken.dk\/index.php?rest_route=\/wp\/v2\/pages\/48\/revisions"}],"predecessor-version":[{"id":206,"href":"https:\/\/www.akfalken.dk\/index.php?rest_route=\/wp\/v2\/pages\/48\/revisions\/206"}],"wp:attachment":[{"href":"https:\/\/www.akfalken.dk\/index.php?rest_route=%2Fwp%2Fv2%2Fmedia&parent=48"}],"curies":[{"name":"wp","href":"https:\/\/api.w.org\/{rel}","templated":true}]}}