{"id":186,"date":"2024-11-13T08:32:25","date_gmt":"2024-11-13T07:32:25","guid":{"rendered":"https:\/\/www.akfalken.dk\/?page_id=186"},"modified":"2024-11-13T08:50:15","modified_gmt":"2024-11-13T07:50:15","slug":"velkommen","status":"publish","type":"page","link":"https:\/\/www.akfalken.dk\/","title":{"rendered":"Velkommen"},"content":{"rendered":"\r\n<div class=\"wp-block-media-text has-media-on-the-right is-stacked-on-mobile is-vertically-aligned-top\">\r\n<div class=\"wp-block-media-text__content\">\r\n<p>&nbsp;<\/p>\r\n\r\n\r\n\r\n<p>&nbsp;<\/p>\r\n\r\n\r\n\r\n<p style=\"text-align: right;\"><em>Velkommen hos AK Falken<\/em><\/p>\r\n<em>\r\n\r\n<\/em>\r\n<p style=\"text-align: right;\"><em>Klik rundt p\u00e5 siden &#8211; finder du ikke det du s\u00f8ger s\u00e5 kontakt os p\u00e5 info@akfalken.dk<\/em><\/p>\r\n<\/div>\r\n<figure class=\"wp-block-media-text__media\"><img loading=\"lazy\" decoding=\"async\" width=\"960\" height=\"892\" class=\"wp-image-132 size-full alignright\" src=\"http:\/\/www.akfalken.dk\/wp-content\/uploads\/2024\/11\/421826137_10228513650240626_6733817046731422288_n.jpg\" alt=\"\" srcset=\"https:\/\/www.akfalken.dk\/wp-content\/uploads\/2024\/11\/421826137_10228513650240626_6733817046731422288_n.jpg 960w, https:\/\/www.akfalken.dk\/wp-content\/uploads\/2024\/11\/421826137_10228513650240626_6733817046731422288_n-300x279.jpg 300w, https:\/\/www.akfalken.dk\/wp-content\/uploads\/2024\/11\/421826137_10228513650240626_6733817046731422288_n-768x714.jpg 768w, https:\/\/www.akfalken.dk\/wp-content\/uploads\/2024\/11\/421826137_10228513650240626_6733817046731422288_n-850x790.jpg 850w\" sizes=\"auto, (max-width: 960px) 100vw, 960px\" \/><\/figure>\r\n<\/div>\r\n","protected":false},"excerpt":{"rendered":"<p>&nbsp; &nbsp; Velkommen hos AK Falken Klik rundt p\u00e5 siden &#8211; finder du ikke det du s\u00f8ger s\u00e5 kontakt os p\u00e5 info@akfalken.dk<\/p>\n","protected":false},"author":2,"featured_media":0,"parent":0,"menu_order":0,"comment_status":"closed","ping_status":"closed","template":"","meta":{"footnotes":""},"class_list":["post-186","page","type-page","status-publish","hentry"],"_links":{"self":[{"href":"https:\/\/www.akfalken.dk\/index.php?rest_route=\/wp\/v2\/pages\/186","targetHints":{"allow":["GET"]}}],"collection":[{"href":"https:\/\/www.akfalken.dk\/index.php?rest_route=\/wp\/v2\/pages"}],"about":[{"href":"https:\/\/www.akfalken.dk\/index.php?rest_route=\/wp\/v2\/types\/page"}],"author":[{"embeddable":true,"href":"https:\/\/www.akfalken.dk\/index.php?rest_route=\/wp\/v2\/users\/2"}],"replies":[{"embeddable":true,"href":"https:\/\/www.akfalken.dk\/index.php?rest_route=%2Fwp%2Fv2%2Fcomments&post=186"}],"version-history":[{"count":9,"href":"https:\/\/www.akfalken.dk\/index.php?rest_route=\/wp\/v2\/pages\/186\/revisions"}],"predecessor-version":[{"id":198,"href":"https:\/\/www.akfalken.dk\/index.php?rest_route=\/wp\/v2\/pages\/186\/revisions\/198"}],"wp:attachment":[{"href":"https:\/\/www.akfalken.dk\/index.php?rest_route=%2Fwp%2Fv2%2Fmedia&parent=186"}],"curies":[{"name":"wp","href":"https:\/\/api.w.org\/{rel}","templated":true}]}}